{"id":28224,"date":"2025-05-05T11:59:21","date_gmt":"2025-05-05T09:59:21","guid":{"rendered":"https:\/\/vinforhandler.autoitweb2.dk\/?page_id=28224"},"modified":"2025-05-22T09:12:29","modified_gmt":"2025-05-22T07:12:29","slug":"kontakt","status":"publish","type":"page","link":"https:\/\/vinforhandler.autoitweb2.dk\/index.php\/kontakt\/","title":{"rendered":"Kontakt"},"content":{"rendered":"<p>[et_pb_section fb_built=&#8221;1&#8243; admin_label=&#8221;Header&#8221; _builder_version=&#8221;4.27.3&#8243; _module_preset=&#8221;default&#8221; background_color=&#8221;gcid-c58d0f49-4478-4f0e-adea-65f847e9aac0&#8243; background_image=&#8221;https:\/\/vinforhandler.autoitweb2.dk\/wp-content\/uploads\/2025\/05\/IMG_2361-scaled.jpg&#8221; border_width_all=&#8221;3px&#8221; border_color_all=&#8221;#ceb96f&#8221; collapsed=&#8221;off&#8221; global_colors_info=&#8221;{%22gcid-c58d0f49-4478-4f0e-adea-65f847e9aac0%22:%91%22background_color%22%93}&#8221;][et_pb_row custom_padding_last_edited=&#8221;on|desktop&#8221; _builder_version=&#8221;4.27.3&#8243; _module_preset=&#8221;default&#8221; background_color=&#8221;rgba(0,0,0,0.46)&#8221; background_enable_image=&#8221;off&#8221; width=&#8221;42.8%&#8221; custom_padding=&#8221;60px|60px|60px|60px|true|true&#8221; custom_padding_tablet=&#8221;30px|30px|30px|30px|true|true&#8221; custom_padding_phone=&#8221;20px|20px|20px|20px|true|true&#8221; border_color_all=&#8221;#0D0D0D&#8221; border_width_right=&#8221;0px&#8221; border_color_right=&#8221;RGBA(255,255,255,0)&#8221; global_colors_info=&#8221;{%22gcid-aeb94fc0-bc94-4d64-b449-16291c760e37%22:%91%22box_shadow_color%22%93}&#8221;][et_pb_column type=&#8221;4_4&#8243; _builder_version=&#8221;4.27.3&#8243; _module_preset=&#8221;default&#8221; global_colors_info=&#8221;{}&#8221;][et_pb_text _builder_version=&#8221;4.27.3&#8243; _module_preset=&#8221;e47b3f48-fe6f-4197-88e4-0ea3fb97b877&#8243; header_text_color=&#8221;#ff5107&#8243; text_orientation=&#8221;center&#8221; custom_margin=&#8221;||11px|||&#8221; inline_fonts=&#8221;Pirata One&#8221; global_colors_info=&#8221;{}&#8221;]<\/p>\n<h1><span style=\"font-family: 'Pirata One'; color: #ceb96f;\">Kontakt os<\/span><\/h1>\n<p>[\/et_pb_text][et_pb_button button_url=&#8221;https:\/\/vinforhandler.autoitweb2.dk\/index.php\/book\/&#8221; button_text=&#8221;Book nu&#8221; button_alignment=&#8221;center&#8221; _builder_version=&#8221;4.27.3&#8243; _module_preset=&#8221;c39b371c-046c-46c4-bffb-9eef4cc28e27&#8243; button_text_color=&#8221;#FFFFFF&#8221; button_bg_color=&#8221;rgba(206,185,111,0.61)&#8221; global_colors_info=&#8221;{}&#8221;][\/et_pb_button][\/et_pb_column][\/et_pb_row][\/et_pb_section][et_pb_section fb_built=&#8221;1&#8243; admin_label=&#8221;Header &#038; Contact&#8221; _builder_version=&#8221;4.27.3&#8243; _module_preset=&#8221;default&#8221; background_color=&#8221;#151414&#8243; custom_padding=&#8221;46px|||||&#8221; collapsed=&#8221;off&#8221; global_colors_info=&#8221;{}&#8221;][et_pb_row _builder_version=&#8221;4.27.3&#8243; _module_preset=&#8221;default&#8221; background_color=&#8221;#383838&#8243; max_width=&#8221;1144px&#8221; custom_padding=&#8221;23px|20px||20px|false|false&#8221; global_colors_info=&#8221;{}&#8221;][et_pb_column type=&#8221;4_4&#8243; _builder_version=&#8221;4.24.2&#8243; _module_preset=&#8221;default&#8221; global_colors_info=&#8221;{}&#8221;][et_pb_text _builder_version=&#8221;4.27.3&#8243; _module_preset=&#8221;default&#8221; header_2_font=&#8221;Pirata One||||||||&#8221; header_2_text_color=&#8221;#FFFFFF&#8221; header_2_font_size=&#8221;46px&#8221; global_colors_info=&#8221;{}&#8221;]<\/p>\n<h2>Skriv til os<\/h2>\n<p>[\/et_pb_text][et_pb_contact_form captcha=&#8221;off&#8221; _builder_version=&#8221;4.27.3&#8243; _module_preset=&#8221;default&#8221; _unique_id=&#8221;37352547-b97b-4413-85e2-b00056b20234&#8243; form_field_background_color=&#8221;#FFFFFF&#8221; form_field_text_color=&#8221;#383838&#8243; form_field_focus_background_color=&#8221;RGBA(255,255,255,0)&#8221; form_field_focus_text_color=&#8221;#FFFFFF&#8221; captcha_text_color=&#8221;#000000&#8243; captcha_font_size=&#8221;18px&#8221; form_field_font=&#8221;Cabin||||||||&#8221; custom_button=&#8221;on&#8221; button_text_size=&#8221;14px&#8221; button_text_color=&#8221;#FFFFFF&#8221; button_bg_color=&#8221;rgba(206,185,111,0.66)&#8221; button_border_width=&#8221;0px&#8221; button_border_radius=&#8221;100px&#8221; button_font=&#8221;Cabin|700|||||||&#8221; button_custom_padding=&#8221;12px|24px|12px|24px|true|true&#8221; border_width_all=&#8221;2px&#8221; border_color_all=&#8221;rgba(0,0,0,0.12)&#8221; locked=&#8221;off&#8221; global_colors_info=&#8221;{}&#8221;][et_pb_contact_field field_id=&#8221;Name&#8221; field_title=&#8221;Name&#8221; fullwidth_field=&#8221;on&#8221; _builder_version=&#8221;4.16&#8243; _module_preset=&#8221;default&#8221; global_colors_info=&#8221;{}&#8221; button_text_size__hover_enabled=&#8221;off&#8221; button_one_text_size__hover_enabled=&#8221;off&#8221; button_two_text_size__hover_enabled=&#8221;off&#8221; button_text_color__hover_enabled=&#8221;off&#8221; button_one_text_color__hover_enabled=&#8221;off&#8221; button_two_text_color__hover_enabled=&#8221;off&#8221; button_border_width__hover_enabled=&#8221;off&#8221; button_one_border_width__hover_enabled=&#8221;off&#8221; button_two_border_width__hover_enabled=&#8221;off&#8221; button_border_color__hover_enabled=&#8221;off&#8221; button_one_border_color__hover_enabled=&#8221;off&#8221; button_two_border_color__hover_enabled=&#8221;off&#8221; button_border_radius__hover_enabled=&#8221;off&#8221; button_one_border_radius__hover_enabled=&#8221;off&#8221; button_two_border_radius__hover_enabled=&#8221;off&#8221; button_letter_spacing__hover_enabled=&#8221;off&#8221; button_one_letter_spacing__hover_enabled=&#8221;off&#8221; button_two_letter_spacing__hover_enabled=&#8221;off&#8221; button_bg_color__hover_enabled=&#8221;off&#8221; button_one_bg_color__hover_enabled=&#8221;off&#8221; button_two_bg_color__hover_enabled=&#8221;off&#8221;][\/et_pb_contact_field][et_pb_contact_field field_id=&#8221;Email&#8221; field_title=&#8221;Email Address&#8221; field_type=&#8221;email&#8221; fullwidth_field=&#8221;on&#8221; _builder_version=&#8221;4.16&#8243; _module_preset=&#8221;default&#8221; global_colors_info=&#8221;{}&#8221; button_text_size__hover_enabled=&#8221;off&#8221; button_one_text_size__hover_enabled=&#8221;off&#8221; button_two_text_size__hover_enabled=&#8221;off&#8221; button_text_color__hover_enabled=&#8221;off&#8221; button_one_text_color__hover_enabled=&#8221;off&#8221; button_two_text_color__hover_enabled=&#8221;off&#8221; button_border_width__hover_enabled=&#8221;off&#8221; button_one_border_width__hover_enabled=&#8221;off&#8221; button_two_border_width__hover_enabled=&#8221;off&#8221; button_border_color__hover_enabled=&#8221;off&#8221; button_one_border_color__hover_enabled=&#8221;off&#8221; button_two_border_color__hover_enabled=&#8221;off&#8221; button_border_radius__hover_enabled=&#8221;off&#8221; button_one_border_radius__hover_enabled=&#8221;off&#8221; button_two_border_radius__hover_enabled=&#8221;off&#8221; button_letter_spacing__hover_enabled=&#8221;off&#8221; button_one_letter_spacing__hover_enabled=&#8221;off&#8221; button_two_letter_spacing__hover_enabled=&#8221;off&#8221; button_bg_color__hover_enabled=&#8221;off&#8221; button_one_bg_color__hover_enabled=&#8221;off&#8221; button_two_bg_color__hover_enabled=&#8221;off&#8221;][\/et_pb_contact_field][et_pb_contact_field field_id=&#8221;Message&#8221; field_title=&#8221;Message&#8221; field_type=&#8221;text&#8221; fullwidth_field=&#8221;on&#8221; _builder_version=&#8221;4.16&#8243; _module_preset=&#8221;default&#8221; global_colors_info=&#8221;{}&#8221; button_text_size__hover_enabled=&#8221;off&#8221; button_one_text_size__hover_enabled=&#8221;off&#8221; button_two_text_size__hover_enabled=&#8221;off&#8221; button_text_color__hover_enabled=&#8221;off&#8221; button_one_text_color__hover_enabled=&#8221;off&#8221; button_two_text_color__hover_enabled=&#8221;off&#8221; button_border_width__hover_enabled=&#8221;off&#8221; button_one_border_width__hover_enabled=&#8221;off&#8221; button_two_border_width__hover_enabled=&#8221;off&#8221; button_border_color__hover_enabled=&#8221;off&#8221; button_one_border_color__hover_enabled=&#8221;off&#8221; button_two_border_color__hover_enabled=&#8221;off&#8221; button_border_radius__hover_enabled=&#8221;off&#8221; button_one_border_radius__hover_enabled=&#8221;off&#8221; button_two_border_radius__hover_enabled=&#8221;off&#8221; button_letter_spacing__hover_enabled=&#8221;off&#8221; button_one_letter_spacing__hover_enabled=&#8221;off&#8221; button_two_letter_spacing__hover_enabled=&#8221;off&#8221; button_bg_color__hover_enabled=&#8221;off&#8221; button_one_bg_color__hover_enabled=&#8221;off&#8221; button_two_bg_color__hover_enabled=&#8221;off&#8221;][\/et_pb_contact_field][\/et_pb_contact_form][\/et_pb_column][\/et_pb_row][\/et_pb_section][et_pb_section fb_built=&#8221;1&#8243; _builder_version=&#8221;4.27.3&#8243; _module_preset=&#8221;default&#8221; background_color=&#8221;#151414&#8243; custom_padding=&#8221;||0px|||&#8221; border_width_all=&#8221;3px&#8221; border_color_all=&#8221;#ceb96f&#8221; global_colors_info=&#8221;{}&#8221;][et_pb_row _builder_version=&#8221;4.27.3&#8243; _module_preset=&#8221;default&#8221; global_colors_info=&#8221;{}&#8221;][et_pb_column type=&#8221;4_4&#8243; _builder_version=&#8221;4.27.3&#8243; _module_preset=&#8221;default&#8221; global_colors_info=&#8221;{}&#8221;][et_pb_text _builder_version=&#8221;4.27.3&#8243; _module_preset=&#8221;default&#8221; header_text_color=&#8221;#ffffff&#8221; header_2_font=&#8221;Pirata One||||||||&#8221; header_2_text_color=&#8221;#ceb96f&#8221; header_2_font_size=&#8221;65px&#8221; global_colors_info=&#8221;{}&#8221;]<\/p>\n<h2 style=\"text-align: center;\">SOCIALE MEDIER<\/h2>\n<p>[\/et_pb_text][\/et_pb_column][\/et_pb_row][et_pb_row column_structure=&#8221;1_3,1_3,1_3&#8243; _builder_version=&#8221;4.27.3&#8243; _module_preset=&#8221;default&#8221; custom_margin=&#8221;-27px|auto||auto||&#8221; global_colors_info=&#8221;{}&#8221;][et_pb_column type=&#8221;1_3&#8243; _builder_version=&#8221;4.27.3&#8243; _module_preset=&#8221;default&#8221; global_colors_info=&#8221;{}&#8221;][et_pb_button button_url=&#8221;https:\/\/www.instagram.com\/ink.and.art.copenhagen\/&#8221; url_new_window=&#8221;on&#8221; button_text=&#8221;INSTAGRAM&#8221; button_alignment=&#8221;center&#8221; _builder_version=&#8221;4.27.3&#8243; _module_preset=&#8221;c39b371c-046c-46c4-bffb-9eef4cc28e27&#8243; button_text_size=&#8221;16px&#8221; button_text_color=&#8221;#ffffff&#8221; button_bg_color=&#8221;rgba(206,185,111,0.61)&#8221; button_font=&#8221;Cabin|700||on|||||&#8221; global_colors_info=&#8221;{}&#8221;][\/et_pb_button][\/et_pb_column][et_pb_column type=&#8221;1_3&#8243; _builder_version=&#8221;4.27.3&#8243; _module_preset=&#8221;default&#8221; global_colors_info=&#8221;{}&#8221;][et_pb_button button_url=&#8221;https:\/\/www.facebook.com\/InkandArtCopenhagen\/&#8221; url_new_window=&#8221;on&#8221; button_text=&#8221;FACEBOOK&#8221; button_alignment=&#8221;center&#8221; _builder_version=&#8221;4.27.3&#8243; _module_preset=&#8221;c39b371c-046c-46c4-bffb-9eef4cc28e27&#8243; button_text_size=&#8221;16px&#8221; button_text_color=&#8221;#ffffff&#8221; button_bg_color=&#8221;rgba(206,185,111,0.61)&#8221; button_font=&#8221;Cabin|700||on|||||&#8221; global_colors_info=&#8221;{}&#8221;][\/et_pb_button][\/et_pb_column][et_pb_column type=&#8221;1_3&#8243; _builder_version=&#8221;4.27.3&#8243; _module_preset=&#8221;default&#8221; global_colors_info=&#8221;{}&#8221;][et_pb_button button_url=&#8221;https:\/\/www.tiktok.com\/&#8221; url_new_window=&#8221;on&#8221; button_text=&#8221;TIKTOK&#8221; button_alignment=&#8221;center&#8221; _builder_version=&#8221;4.27.3&#8243; _module_preset=&#8221;c39b371c-046c-46c4-bffb-9eef4cc28e27&#8243; button_text_size=&#8221;16px&#8221; button_text_color=&#8221;#FFFFFF&#8221; button_bg_color=&#8221;rgba(206,185,111,0.61)&#8221; global_colors_info=&#8221;{}&#8221;][\/et_pb_button][\/et_pb_column][\/et_pb_row][et_pb_row _builder_version=&#8221;4.27.3&#8243; _module_preset=&#8221;default&#8221; custom_padding=&#8221;||0px|||&#8221; global_colors_info=&#8221;{}&#8221;][et_pb_column type=&#8221;4_4&#8243; _builder_version=&#8221;4.27.3&#8243; _module_preset=&#8221;default&#8221; global_colors_info=&#8221;{}&#8221;][et_pb_gallery gallery_ids=&#8221;28356,28357,28358,28359,28174,28171&#8243; show_title_and_caption=&#8221;off&#8221; _builder_version=&#8221;4.27.3&#8243; _module_preset=&#8221;default&#8221; global_colors_info=&#8221;{}&#8221;][\/et_pb_gallery][\/et_pb_column][\/et_pb_row][\/et_pb_section][et_pb_section fb_built=&#8221;1&#8243; _builder_version=&#8221;4.27.3&#8243; _module_preset=&#8221;default&#8221; background_color=&#8221;#151414&#8243; custom_padding=&#8221;0px||0px|||&#8221; global_colors_info=&#8221;{}&#8221;][et_pb_row _builder_version=&#8221;4.27.3&#8243; _module_preset=&#8221;default&#8221; global_colors_info=&#8221;{}&#8221;][et_pb_column type=&#8221;4_4&#8243; _builder_version=&#8221;4.27.3&#8243; _module_preset=&#8221;default&#8221; global_colors_info=&#8221;{}&#8221;][et_pb_text _builder_version=&#8221;4.27.3&#8243; _module_preset=&#8221;default&#8221; text_font=&#8221;Cabin||||||||&#8221; text_text_color=&#8221;#FFFFFF&#8221; header_3_font=&#8221;Cabin||||||||&#8221; header_3_text_color=&#8221;#FFFFFF&#8221; custom_padding=&#8221;||0px|||&#8221; global_colors_info=&#8221;{}&#8221;]<\/p>\n<h3 data-start=\"145\" data-end=\"192\">Kontakt Ink n Art \u2013 Din Tatov\u00f8r i K\u00f8benhavn<\/h3>\n<p data-start=\"194\" data-end=\"505\">Er du klar til din n\u00e6ste tatovering? Hos<a href=\"https:\/\/vinforhandler.autoitweb2.dk\/index.php\/om-os\/\"> <strong data-start=\"235\" data-end=\"248\">Ink n Art<\/strong> i <strong data-start=\"251\" data-end=\"264\">K\u00f8benhavn<\/strong><\/a> st\u00e5r vores dygtige tatov\u00f8rer klar til at hj\u00e6lpe dig med at g\u00f8re dine id\u00e9er til virkelighed. Uanset om du \u00f8nsker en lille, diskret tatovering eller et stort kunstv\u00e6rk, kan vi guide dig hele vejen \u2013 fra id\u00e9 og design til det f\u00e6rdige resultat.<\/p>\n<h3 data-start=\"787\" data-end=\"837\">Book en tid hos en erfaren tatov\u00f8r i K\u00f8benhavn<\/h3>\n<p data-start=\"839\" data-end=\"1132\">Vi anbefaler at <a href=\"https:\/\/vinforhandler.autoitweb2.dk\/index.php\/book\/\">booke tid<\/a> i forvejen, is\u00e6r hvis du har specifikke \u00f8nsker eller vil arbejde med en bestemt tatov\u00f8r. Du kan ogs\u00e5 kigge forbi vores studio i hjertet af K\u00f8benhavn og f\u00e5 en uforpligtende snak om dine ideer. Vi tilbyder b\u00e5de walk-ins og aftalte sessioner, afh\u00e6ngig af tilg\u00e6ngelighed.<\/p>\n<h3 data-start=\"1139\" data-end=\"1161\">S\u00e5dan finder du os<\/h3>\n<p data-start=\"1163\" data-end=\"1306\">Vores tattoo shop ligger <a href=\"https:\/\/maps.app.goo.gl\/nG6Ja4qzNk3BuQhd9\" target=\"_blank\" rel=\"noopener\">centralt i K\u00f8benhavn<\/a>, nemt tilg\u00e6ngelig med b\u00e5de bus, metro og cykel. Der er ogs\u00e5 gode parkeringsmuligheder i n\u00e6rheden.<\/p>\n<p>[\/et_pb_text][\/et_pb_column][\/et_pb_row][\/et_pb_section][et_pb_section fb_built=&#8221;1&#8243; admin_label=&#8221;Footer&#8221; _builder_version=&#8221;4.27.3&#8243; _module_preset=&#8221;default&#8221; background_color=&#8221;gcid-c58d0f49-4478-4f0e-adea-65f847e9aac0&#8243; border_width_all=&#8221;3px&#8221; border_color_all=&#8221;#ceb96f&#8221; saved_tabs=&#8221;all&#8221; collapsed=&#8221;on&#8221; global_colors_info=&#8221;{%22gcid-c58d0f49-4478-4f0e-adea-65f847e9aac0%22:%91%22background_color%22%93}&#8221;][et_pb_row _builder_version=&#8221;4.27.3&#8243; _module_preset=&#8221;default&#8221; positioning=&#8221;absolute&#8221; position_origin_a=&#8221;top_center&#8221; custom_padding=&#8221;0px||0px||true|false&#8221; global_colors_info=&#8221;{}&#8221;][et_pb_column type=&#8221;4_4&#8243; _builder_version=&#8221;4.19.1&#8243; _module_preset=&#8221;default&#8221; global_colors_info=&#8221;{}&#8221;][\/et_pb_column][\/et_pb_row][et_pb_row column_structure=&#8221;1_3,1_3,1_3&#8243; _builder_version=&#8221;4.27.3&#8243; _module_preset=&#8221;default&#8221; global_colors_info=&#8221;{}&#8221;][et_pb_column type=&#8221;1_3&#8243; _builder_version=&#8221;4.19.1&#8243; _module_preset=&#8221;default&#8221; global_colors_info=&#8221;{}&#8221;][et_pb_image src=&#8221;https:\/\/vinforhandler.autoitweb2.dk\/wp-content\/uploads\/2025\/05\/logo.png&#8221; title_text=&#8221;logo&#8221; url=&#8221;https:\/\/vinforhandler.autoitweb2.dk\/&#8221; _builder_version=&#8221;4.27.3&#8243; _module_preset=&#8221;default&#8221; width=&#8221;38%&#8221; module_alignment=&#8221;center&#8221; global_colors_info=&#8221;{}&#8221;][\/et_pb_image][\/et_pb_column][et_pb_column type=&#8221;1_3&#8243; _builder_version=&#8221;4.19.1&#8243; _module_preset=&#8221;default&#8221; global_colors_info=&#8221;{}&#8221;][et_pb_text _builder_version=&#8221;4.27.3&#8243; _module_preset=&#8221;a6e7db01-cf5a-4dca-939c-c309b757060f&#8221; text_font=&#8221;Cabin||||||||&#8221; text_text_color=&#8221;#FFFFFF&#8221; text_orientation=&#8221;center&#8221; max_width=&#8221;520px&#8221; module_alignment=&#8221;center&#8221; global_colors_info=&#8221;{}&#8221;]<\/p>\n<p>Telefon:\u00a0<a href=\"tel:55248608\">55 24 86 08<\/a><br \/>Mail:\u00a0<a href=\"mailto:kontakt@inknart.dk\">kontakt@inknart.dk<\/a><br \/>Adresse: <a href=\"https:\/\/maps.app.goo.gl\/nrAuhby34qzF86kx6\">Larsbj\u00f8rnsstr\u00e6de 13,\u00a01454 K\u00f8benhavn<\/a><\/p>\n<p>[\/et_pb_text][\/et_pb_column][et_pb_column type=&#8221;1_3&#8243; _builder_version=&#8221;4.19.1&#8243; _module_preset=&#8221;default&#8221; global_colors_info=&#8221;{}&#8221;][et_pb_social_media_follow icon_color=&#8221;gcid-aeb94fc0-bc94-4d64-b449-16291c760e37&#8243; use_icon_font_size=&#8221;on&#8221; icon_font_size=&#8221;34px&#8221; _builder_version=&#8221;4.27.3&#8243; _module_preset=&#8221;default&#8221; text_orientation=&#8221;center&#8221; border_radii=&#8221;on|100px|100px|100px|100px&#8221; border_width_all=&#8221;1px&#8221; border_color_all=&#8221;#FF5107&#8243; locked=&#8221;off&#8221; global_colors_info=&#8221;{%22gcid-aeb94fc0-bc94-4d64-b449-16291c760e37%22:%91%22icon_color%22%93}&#8221;][et_pb_social_media_follow_network social_network=&#8221;facebook&#8221; url=&#8221;https:\/\/www.facebook.com\/InkandArtCopenhagen\/&#8221; icon_color=&#8221;#FFFFFF&#8221; _builder_version=&#8221;4.27.3&#8243; _module_preset=&#8221;default&#8221; background_color=&#8221;RGBA(255,255,255,0)&#8221; background_enable_color=&#8221;on&#8221; custom_padding=&#8221;4px|4px|4px|4px|true|true&#8221; border_color_all=&#8221;RGBA(255,255,255,0)&#8221; global_colors_info=&#8221;{}&#8221;]facebook[\/et_pb_social_media_follow_network][et_pb_social_media_follow_network social_network=&#8221;instagram&#8221; url=&#8221;https:\/\/www.instagram.com\/ink.and.art.copenhagen\/&#8221; icon_color=&#8221;#FFFFFF&#8221; _builder_version=&#8221;4.27.3&#8243; _module_preset=&#8221;default&#8221; custom_padding=&#8221;4px|4px|4px|4px|true|true&#8221; border_color_all=&#8221;RGBA(255,255,255,0)&#8221; global_colors_info=&#8221;{}&#8221;]instagram[\/et_pb_social_media_follow_network][\/et_pb_social_media_follow][\/et_pb_column][\/et_pb_row][et_pb_row _builder_version=&#8221;4.19.1&#8243; _module_preset=&#8221;default&#8221; border_color_all=&#8221;#666666&#8243; border_width_top=&#8221;1px&#8221; global_colors_info=&#8221;{}&#8221;][et_pb_column type=&#8221;4_4&#8243; _builder_version=&#8221;4.19.1&#8243; _module_preset=&#8221;default&#8221; global_colors_info=&#8221;{}&#8221;][et_pb_text _builder_version=&#8221;4.19.1&#8243; _dynamic_attributes=&#8221;content&#8221; _module_preset=&#8221;67a49803-7504-491e-a16a-5004925a0eb7&#8243; text_text_color=&#8221;rgba(255,255,255,0.7)&#8221; text_orientation=&#8221;center&#8221; global_colors_info=&#8221;{}&#8221;]@ET-DC@eyJkeW5hbWljIjp0cnVlLCJjb250ZW50IjoiY3VycmVudF9kYXRlIiwic2V0dGluZ3MiOnsiYmVmb3JlIjoiQ29weXJpZ2h0ICZjb3B5OyAiLCJhZnRlciI6IiBEaXZpLiBBbGwgUmlnaHRzIFJlc2VydmVkLiIsImRhdGVfZm9ybWF0IjoiY3VzdG9tIiwiY3VzdG9tX2RhdGVfZm9ybWF0IjoiWSJ9fQ==@[\/et_pb_text][\/et_pb_column][\/et_pb_row][\/et_pb_section]<\/p>\n","protected":false},"excerpt":{"rendered":"<p>Kontakt osSkriv til osSOCIALE MEDIERKontakt Ink n Art \u2013 Din Tatov\u00f8r i K\u00f8benhavn Er du klar til din n\u00e6ste tatovering? Hos Ink n Art i K\u00f8benhavn st\u00e5r vores dygtige tatov\u00f8rer klar til at hj\u00e6lpe dig med at g\u00f8re dine id\u00e9er til virkelighed. Uanset om du \u00f8nsker en lille, diskret tatovering eller et stort kunstv\u00e6rk, kan [&hellip;]<\/p>\n","protected":false},"author":1,"featured_media":0,"parent":0,"menu_order":0,"comment_status":"closed","ping_status":"closed","template":"","meta":{"_et_pb_use_builder":"on","_et_pb_old_content":"","_et_gb_content_width":"","inline_featured_image":false,"footnotes":""},"class_list":["post-28224","page","type-page","status-publish","hentry"],"yoast_head":"<!-- This site is optimized with the Yoast SEO plugin v23.9 - https:\/\/yoast.com\/wordpress\/plugins\/seo\/ -->\n<title>Kontakt - Tattoo<\/title>\n<meta name=\"description\" content=\"Kontakt Ink n Art for booking, sp\u00f8rgsm\u00e5l eller en snak om din n\u00e6ste tatovering. Vi st\u00e5r klar til at hj\u00e6lpe dig \u2013 b\u00e5de online og i butikken.\" \/>\n<meta name=\"robots\" content=\"noindex, follow, max-snippet:-1, max-image-preview:large, max-video-preview:-1\" \/>\n<meta property=\"og:locale\" content=\"da_DK\" \/>\n<meta property=\"og:type\" content=\"article\" \/>\n<meta property=\"og:title\" content=\"Kontakt - Tattoo\" \/>\n<meta property=\"og:description\" content=\"Kontakt Ink n Art for booking, sp\u00f8rgsm\u00e5l eller en snak om din n\u00e6ste tatovering. Vi st\u00e5r klar til at hj\u00e6lpe dig \u2013 b\u00e5de online og i butikken.\" \/>\n<meta property=\"og:url\" content=\"https:\/\/vinforhandler.autoitweb2.dk\/index.php\/kontakt\/\" \/>\n<meta property=\"og:site_name\" content=\"Tattoo\" \/>\n<meta property=\"article:modified_time\" content=\"2025-05-22T07:12:29+00:00\" \/>\n<meta name=\"twitter:card\" content=\"summary_large_image\" \/>\n<meta name=\"twitter:label1\" content=\"Estimeret l\u00e6setid\" \/>\n\t<meta name=\"twitter:data1\" content=\"3 minutter\" \/>\n<script type=\"application\/ld+json\" class=\"yoast-schema-graph\">{\"@context\":\"https:\/\/schema.org\",\"@graph\":[{\"@type\":\"WebPage\",\"@id\":\"https:\/\/vinforhandler.autoitweb2.dk\/index.php\/kontakt\/\",\"url\":\"https:\/\/vinforhandler.autoitweb2.dk\/index.php\/kontakt\/\",\"name\":\"Kontakt - Tattoo\",\"isPartOf\":{\"@id\":\"https:\/\/vinforhandler.autoitweb2.dk\/#website\"},\"datePublished\":\"2025-05-05T09:59:21+00:00\",\"dateModified\":\"2025-05-22T07:12:29+00:00\",\"description\":\"Kontakt Ink n Art for booking, sp\u00f8rgsm\u00e5l eller en snak om din n\u00e6ste tatovering. Vi st\u00e5r klar til at hj\u00e6lpe dig \u2013 b\u00e5de online og i butikken.\",\"breadcrumb\":{\"@id\":\"https:\/\/vinforhandler.autoitweb2.dk\/index.php\/kontakt\/#breadcrumb\"},\"inLanguage\":\"da-DK\",\"potentialAction\":[{\"@type\":\"ReadAction\",\"target\":[\"https:\/\/vinforhandler.autoitweb2.dk\/index.php\/kontakt\/\"]}]},{\"@type\":\"BreadcrumbList\",\"@id\":\"https:\/\/vinforhandler.autoitweb2.dk\/index.php\/kontakt\/#breadcrumb\",\"itemListElement\":[{\"@type\":\"ListItem\",\"position\":1,\"name\":\"Hjem\",\"item\":\"https:\/\/vinforhandler.autoitweb2.dk\/\"},{\"@type\":\"ListItem\",\"position\":2,\"name\":\"Kontakt\"}]},{\"@type\":\"WebSite\",\"@id\":\"https:\/\/vinforhandler.autoitweb2.dk\/#website\",\"url\":\"https:\/\/vinforhandler.autoitweb2.dk\/\",\"name\":\"Tattoo\",\"description\":\"\",\"potentialAction\":[{\"@type\":\"SearchAction\",\"target\":{\"@type\":\"EntryPoint\",\"urlTemplate\":\"https:\/\/vinforhandler.autoitweb2.dk\/?s={search_term_string}\"},\"query-input\":{\"@type\":\"PropertyValueSpecification\",\"valueRequired\":true,\"valueName\":\"search_term_string\"}}],\"inLanguage\":\"da-DK\"}]}<\/script>\n<!-- \/ Yoast SEO plugin. -->","yoast_head_json":{"title":"Kontakt - Tattoo","description":"Kontakt Ink n Art for booking, sp\u00f8rgsm\u00e5l eller en snak om din n\u00e6ste tatovering. Vi st\u00e5r klar til at hj\u00e6lpe dig \u2013 b\u00e5de online og i butikken.","robots":{"index":"noindex","follow":"follow","max-snippet":"max-snippet:-1","max-image-preview":"max-image-preview:large","max-video-preview":"max-video-preview:-1"},"og_locale":"da_DK","og_type":"article","og_title":"Kontakt - Tattoo","og_description":"Kontakt Ink n Art for booking, sp\u00f8rgsm\u00e5l eller en snak om din n\u00e6ste tatovering. Vi st\u00e5r klar til at hj\u00e6lpe dig \u2013 b\u00e5de online og i butikken.","og_url":"https:\/\/vinforhandler.autoitweb2.dk\/index.php\/kontakt\/","og_site_name":"Tattoo","article_modified_time":"2025-05-22T07:12:29+00:00","twitter_card":"summary_large_image","twitter_misc":{"Estimeret l\u00e6setid":"3 minutter"},"schema":{"@context":"https:\/\/schema.org","@graph":[{"@type":"WebPage","@id":"https:\/\/vinforhandler.autoitweb2.dk\/index.php\/kontakt\/","url":"https:\/\/vinforhandler.autoitweb2.dk\/index.php\/kontakt\/","name":"Kontakt - Tattoo","isPartOf":{"@id":"https:\/\/vinforhandler.autoitweb2.dk\/#website"},"datePublished":"2025-05-05T09:59:21+00:00","dateModified":"2025-05-22T07:12:29+00:00","description":"Kontakt Ink n Art for booking, sp\u00f8rgsm\u00e5l eller en snak om din n\u00e6ste tatovering. Vi st\u00e5r klar til at hj\u00e6lpe dig \u2013 b\u00e5de online og i butikken.","breadcrumb":{"@id":"https:\/\/vinforhandler.autoitweb2.dk\/index.php\/kontakt\/#breadcrumb"},"inLanguage":"da-DK","potentialAction":[{"@type":"ReadAction","target":["https:\/\/vinforhandler.autoitweb2.dk\/index.php\/kontakt\/"]}]},{"@type":"BreadcrumbList","@id":"https:\/\/vinforhandler.autoitweb2.dk\/index.php\/kontakt\/#breadcrumb","itemListElement":[{"@type":"ListItem","position":1,"name":"Hjem","item":"https:\/\/vinforhandler.autoitweb2.dk\/"},{"@type":"ListItem","position":2,"name":"Kontakt"}]},{"@type":"WebSite","@id":"https:\/\/vinforhandler.autoitweb2.dk\/#website","url":"https:\/\/vinforhandler.autoitweb2.dk\/","name":"Tattoo","description":"","potentialAction":[{"@type":"SearchAction","target":{"@type":"EntryPoint","urlTemplate":"https:\/\/vinforhandler.autoitweb2.dk\/?s={search_term_string}"},"query-input":{"@type":"PropertyValueSpecification","valueRequired":true,"valueName":"search_term_string"}}],"inLanguage":"da-DK"}]}},"_links":{"self":[{"href":"https:\/\/vinforhandler.autoitweb2.dk\/index.php\/wp-json\/wp\/v2\/pages\/28224","targetHints":{"allow":["GET"]}}],"collection":[{"href":"https:\/\/vinforhandler.autoitweb2.dk\/index.php\/wp-json\/wp\/v2\/pages"}],"about":[{"href":"https:\/\/vinforhandler.autoitweb2.dk\/index.php\/wp-json\/wp\/v2\/types\/page"}],"author":[{"embeddable":true,"href":"https:\/\/vinforhandler.autoitweb2.dk\/index.php\/wp-json\/wp\/v2\/users\/1"}],"replies":[{"embeddable":true,"href":"https:\/\/vinforhandler.autoitweb2.dk\/index.php\/wp-json\/wp\/v2\/comments?post=28224"}],"version-history":[{"count":28,"href":"https:\/\/vinforhandler.autoitweb2.dk\/index.php\/wp-json\/wp\/v2\/pages\/28224\/revisions"}],"predecessor-version":[{"id":28455,"href":"https:\/\/vinforhandler.autoitweb2.dk\/index.php\/wp-json\/wp\/v2\/pages\/28224\/revisions\/28455"}],"wp:attachment":[{"href":"https:\/\/vinforhandler.autoitweb2.dk\/index.php\/wp-json\/wp\/v2\/media?parent=28224"}],"curies":[{"name":"wp","href":"https:\/\/api.w.org\/{rel}","templated":true}]}}